{"id":1539,"date":"2023-03-26T11:07:44","date_gmt":"2023-03-26T11:07:44","guid":{"rendered":"https:\/\/23.investments\/?page_id=1539"},"modified":"2023-11-29T15:14:38","modified_gmt":"2023-11-29T15:14:38","slug":"haftungsausschluss","status":"publish","type":"page","link":"https:\/\/old.23.investments\/de\/haftungsausschluss\/","title":{"rendered":"Haftungsausschluss"},"content":{"rendered":"<div class=\"pdfprnt-buttons pdfprnt-buttons-page pdfprnt-top-right\"><a href=\"https:\/\/old.23.investments\/de\/wp-json\/wp\/v2\/pages\/1539?print=pdf\" class=\"pdfprnt-button pdfprnt-button-pdf\" target=\"_blank\" ><img decoding=\"async\" src=\"https:\/\/old.23.investments\/wp-content\/plugins\/pdf-print\/images\/pdf.png\" alt=\"image_pdf\" title=\"PDF anzeigen\" \/><\/a><a href=\"https:\/\/old.23.investments\/de\/wp-json\/wp\/v2\/pages\/1539?print=print\" class=\"pdfprnt-button pdfprnt-button-print\" target=\"_blank\" ><img decoding=\"async\" src=\"https:\/\/old.23.investments\/wp-content\/plugins\/pdf-print\/images\/print.png\" alt=\"image_print\" title=\"Inhalt drucken\" \/><\/a><\/div>\t\t<div data-elementor-type=\"wp-page\" data-elementor-id=\"1539\" class=\"elementor elementor-1539\" data-elementor-settings=\"{&quot;element_pack_global_tooltip_width&quot;:{&quot;unit&quot;:&quot;px&quot;,&quot;size&quot;:&quot;&quot;,&quot;sizes&quot;:[]},&quot;element_pack_global_tooltip_width_tablet&quot;:{&quot;unit&quot;:&quot;px&quot;,&quot;size&quot;:&quot;&quot;,&quot;sizes&quot;:[]},&quot;element_pack_global_tooltip_width_mobile&quot;:{&quot;unit&quot;:&quot;px&quot;,&quot;size&quot;:&quot;&quot;,&quot;sizes&quot;:[]},&quot;element_pack_global_tooltip_padding&quot;:{&quot;unit&quot;:&quot;px&quot;,&quot;top&quot;:&quot;&quot;,&quot;right&quot;:&quot;&quot;,&quot;bottom&quot;:&quot;&quot;,&quot;left&quot;:&quot;&quot;,&quot;isLinked&quot;:true},&quot;element_pack_global_tooltip_padding_tablet&quot;:{&quot;unit&quot;:&quot;px&quot;,&quot;top&quot;:&quot;&quot;,&quot;right&quot;:&quot;&quot;,&quot;bottom&quot;:&quot;&quot;,&quot;left&quot;:&quot;&quot;,&quot;isLinked&quot;:true},&quot;element_pack_global_tooltip_padding_mobile&quot;:{&quot;unit&quot;:&quot;px&quot;,&quot;top&quot;:&quot;&quot;,&quot;right&quot;:&quot;&quot;,&quot;bottom&quot;:&quot;&quot;,&quot;left&quot;:&quot;&quot;,&quot;isLinked&quot;:true},&quot;element_pack_global_tooltip_border_radius&quot;:{&quot;unit&quot;:&quot;px&quot;,&quot;top&quot;:&quot;&quot;,&quot;right&quot;:&quot;&quot;,&quot;bottom&quot;:&quot;&quot;,&quot;left&quot;:&quot;&quot;,&quot;isLinked&quot;:true},&quot;element_pack_global_tooltip_border_radius_tablet&quot;:{&quot;unit&quot;:&quot;px&quot;,&quot;top&quot;:&quot;&quot;,&quot;right&quot;:&quot;&quot;,&quot;bottom&quot;:&quot;&quot;,&quot;left&quot;:&quot;&quot;,&quot;isLinked&quot;:true},&quot;element_pack_global_tooltip_border_radius_mobile&quot;:{&quot;unit&quot;:&quot;px&quot;,&quot;top&quot;:&quot;&quot;,&quot;right&quot;:&quot;&quot;,&quot;bottom&quot;:&quot;&quot;,&quot;left&quot;:&quot;&quot;,&quot;isLinked&quot;:true}}\" data-elementor-post-type=\"page\">\n\t\t\t\t\t\t<section class=\"elementor-section elementor-top-section elementor-element elementor-element-afa952f animated-slow elementor-section-full_width elementor-section-height-default elementor-section-height-default elementor-invisible\" data-id=\"afa952f\" data-element_type=\"section\" data-e-type=\"section\" data-settings=\"{&quot;animation&quot;:&quot;fadeIn&quot;}\">\n\t\t\t\t\t\t<div class=\"elementor-container elementor-column-gap-default\">\n\t\t\t\t\t<div class=\"elementor-column elementor-col-100 elementor-top-column elementor-element elementor-element-6b750e8\" data-id=\"6b750e8\" data-element_type=\"column\" data-e-type=\"column\">\n\t\t\t<div class=\"elementor-widget-wrap elementor-element-populated\">\n\t\t\t\t\t\t<div class=\"elementor-element elementor-element-9c293a9 elementor-widget elementor-widget-spacer\" data-id=\"9c293a9\" data-element_type=\"widget\" data-e-type=\"widget\" data-widget_type=\"spacer.default\">\n\t\t\t\t<div class=\"elementor-widget-container\">\n\t\t\t\t\t\t\t<div class=\"elementor-spacer\">\n\t\t\t<div class=\"elementor-spacer-inner\"><\/div>\n\t\t<\/div>\n\t\t\t\t\t\t<\/div>\n\t\t\t\t<\/div>\n\t\t\t\t<div class=\"elementor-element elementor-element-8f9b2a9 elementor-widget elementor-widget-heading\" data-id=\"8f9b2a9\" data-element_type=\"widget\" data-e-type=\"widget\" data-widget_type=\"heading.default\">\n\t\t\t\t<div class=\"elementor-widget-container\">\n\t\t\t\t\t<h1 class=\"elementor-heading-title elementor-size-default\">Haftungsausschluss<\/h1>\t\t\t\t<\/div>\n\t\t\t\t<\/div>\n\t\t\t\t<div class=\"elementor-element elementor-element-c2cb683 elementor-widget elementor-widget-spacer\" data-id=\"c2cb683\" data-element_type=\"widget\" data-e-type=\"widget\" data-widget_type=\"spacer.default\">\n\t\t\t\t<div class=\"elementor-widget-container\">\n\t\t\t\t\t\t\t<div class=\"elementor-spacer\">\n\t\t\t<div class=\"elementor-spacer-inner\"><\/div>\n\t\t<\/div>\n\t\t\t\t\t\t<\/div>\n\t\t\t\t<\/div>\n\t\t\t\t\t<\/div>\n\t\t<\/div>\n\t\t\t\t\t<\/div>\n\t\t<\/section>\n\t\t\t\t<section class=\"elementor-section elementor-top-section elementor-element elementor-element-00fa228 elementor-section-boxed elementor-section-height-default elementor-section-height-default\" data-id=\"00fa228\" data-element_type=\"section\" data-e-type=\"section\">\n\t\t\t\t\t\t<div class=\"elementor-container elementor-column-gap-default\">\n\t\t\t\t\t<div class=\"elementor-column elementor-col-100 elementor-top-column elementor-element elementor-element-be2ae1c\" data-id=\"be2ae1c\" data-element_type=\"column\" data-e-type=\"column\">\n\t\t\t<div class=\"elementor-widget-wrap elementor-element-populated\">\n\t\t\t\t\t\t<div class=\"elementor-element elementor-element-156ff06 elementor-widget elementor-widget-text-editor\" data-id=\"156ff06\" data-element_type=\"widget\" data-e-type=\"widget\" data-widget_type=\"text-editor.default\">\n\t\t\t\t<div class=\"elementor-widget-container\">\n\t\t\t\t\t\t\t\t\t<p>Diese Website dient ausschlie\u00dflich zu Informationszwecken. Sie sollten diese Informationen oder anderes Material nicht als Rechts-, Steuer-, Anlage-, Finanz- oder sonstige Beratung auslegen. Keine der in unserer Pr\u00e4sentation enthaltenen Informationen stellt eine Aufforderung, Empfehlung, Bef\u00fcrwortung oder ein Angebot von <a href=\"https:\/\/old.23.investments\/de\/der-ultimale-vergleich-des-verkaufs-des-unternehmens-mit-23-investments-gegenueber-anderen-optionen\/\">23.investments oder einem Drittanbieter zu kaufen oder zu verkaufen<\/a> Wertpapiere oder andere Finanzinstrumente in dieser oder in einer anderen Rechtsordnung, in der eine solche Aufforderung oder ein solches Angebot nach den Wertpapiergesetzen dieser Rechtsordnung ungesetzlich w\u00e4re.<\/p>\n<p>Alle Inhalte auf dieser Website sind Informationen allgemeiner Art und beziehen sich nicht auf die Umst\u00e4nde einer bestimmten Person oder Einrichtung. Nichts auf dieser Website stellt eine <a href=\"https:\/\/old.23.investments\/de\/firma-verkaufen-schweiz-steuern\/\">professionelle und\/oder finanzielle Beratung<\/a>noch stellt irgendeine Information auf dieser Website eine umfassende oder vollst\u00e4ndige Darstellung der besprochenen Angelegenheiten oder des diesbez\u00fcglichen Rechts dar. 23.investments ist kein Treuh\u00e4nder aufgrund der Nutzung der Website oder des Zugriffs auf diese Website durch eine Person. Sie allein tragen die Verantwortung f\u00fcr die Bewertung der Vorteile und Risiken, die mit der Nutzung von Informationen oder anderen Inhalten auf dieser Website verbunden sind, bevor Sie auf der Grundlage dieser Informationen oder anderen Inhalte Entscheidungen treffen. Als Gegenleistung f\u00fcr die Nutzung der Website erkl\u00e4ren Sie sich damit einverstanden, 23.investments, seine verbundenen Unternehmen oder Drittanbieter nicht f\u00fcr m\u00f6gliche Schadensersatzanspr\u00fcche haftbar zu machen, die sich aus Entscheidungen ergeben, die Sie auf der Grundlage von Informationen oder anderen Inhalten treffen, die Ihnen \u00fcber die Website zur Verf\u00fcgung gestellt wurden.<\/p>\n<p>Es gibt Risiken im Zusammenhang mit <a href=\"https:\/\/old.23.investments\/de\/uber\/\">Investitionen in private<\/a> M\u00e4rkte, kleine und mittelst\u00e4ndische Unternehmen und Wertpapiere im Allgemeinen. Eine Anlage in beinhaltet ein Verlustrisiko. Ein Verlust des Kapitals ist m\u00f6glich. Bei einigen risikoreichen Anlagen kann eine Hebelwirkung zum Einsatz kommen, die Gewinne und Verluste noch verst\u00e4rkt. Investitionen sind mit besonderen Risiken verbunden, darunter eine h\u00f6here Volatilit\u00e4t sowie politische, wirtschaftliche und W\u00e4hrungsrisiken und Unterschiede in den Rechnungslegungsmethoden. Die fr\u00fchere Anlageperformance eines Wertpapiers oder einer Firma ist keine Garantie oder Vorhersage f\u00fcr die zuk\u00fcnftige Anlageperformance.<\/p>\t\t\t\t\t\t\t\t<\/div>\n\t\t\t\t<\/div>\n\t\t\t\t\t<\/div>\n\t\t<\/div>\n\t\t\t\t\t<\/div>\n\t\t<\/section>\n\t\t\t\t<\/div>","protected":false},"excerpt":{"rendered":"<p>Disclaimer This website is for informational purposes only, you should not construe any such information or other material as legal, tax, investment, financial, or other advice. Nothing contained in our presentation constitutes a solicitation, recommendation, endorsement, or offer by 23.investments or any third-party service provider to buy or sell any securities or other financial instruments [&hellip;]<\/p>\n","protected":false},"author":1,"featured_media":0,"parent":0,"menu_order":0,"comment_status":"closed","ping_status":"closed","template":"elementor_header_footer","meta":{"_seopress_robots_primary_cat":"","_seopress_titles_title":"","_seopress_titles_desc":"","_seopress_robots_index":"","footnotes":""},"class_list":["post-1539","page","type-page","status-publish","hentry"],"_links":{"self":[{"href":"https:\/\/old.23.investments\/de\/wp-json\/wp\/v2\/pages\/1539","targetHints":{"allow":["GET"]}}],"collection":[{"href":"https:\/\/old.23.investments\/de\/wp-json\/wp\/v2\/pages"}],"about":[{"href":"https:\/\/old.23.investments\/de\/wp-json\/wp\/v2\/types\/page"}],"author":[{"embeddable":true,"href":"https:\/\/old.23.investments\/de\/wp-json\/wp\/v2\/users\/1"}],"replies":[{"embeddable":true,"href":"https:\/\/old.23.investments\/de\/wp-json\/wp\/v2\/comments?post=1539"}],"version-history":[{"count":0,"href":"https:\/\/old.23.investments\/de\/wp-json\/wp\/v2\/pages\/1539\/revisions"}],"wp:attachment":[{"href":"https:\/\/old.23.investments\/de\/wp-json\/wp\/v2\/media?parent=1539"}],"curies":[{"name":"wp","href":"https:\/\/api.w.org\/{rel}","templated":true}]}}